{"id":1230,"date":"2025-06-30T15:47:35","date_gmt":"2025-06-30T13:47:35","guid":{"rendered":"https:\/\/weber-ams.de\/cms\/?page_id=1230"},"modified":"2025-07-14T06:28:04","modified_gmt":"2025-07-14T04:28:04","slug":"laserbearbeitung","status":"publish","type":"page","link":"https:\/\/weber-ams.de\/cms\/index.php\/laserbearbeitung\/","title":{"rendered":"Laserbearbeitung"},"content":{"rendered":"\n<p>Laserbearbeitung von Metallen und Kunststoffen nach Kundenvorgabe.<\/p>\n\n\n\n<p>Das Laserschneiden ist ein pr\u00e4zises Verfahren, bei dem ein starker Laserstrahl verwendet wird, um Kunststoffe oder Metalle genau zu schneiden oder zu gravieren.<\/p>\n\n\n\n<p> Der Laser schmilzt, verdampft oder verbrennt das Material an der gew\u00fcnschten Stelle, wodurch saubere und detaillierte Schnitte oder Gravuren entstehen. Diese Methode ist besonders beliebt, weil sie schnell, genau und vielseitig ist \u2013 ideal f\u00fcr individuelle Designs, Beschriftungen oder die Herstellung von pr\u00e4zisen Teilen.<\/p>\n\n\n\n<p>Zus\u00e4tzlich bietet ein Mopa Faserlaser hervorragende M\u00f6glichkeiten zur Beschriftung. Mit diesem Laser k\u00f6nnen sehr feine, dauerhafte und hochwertige Gravuren auf Kunststoffen und Metallen erstellt werden. Er eignet sich perfekt f\u00fcr pr\u00e4zise Logos, Text oder Muster, die dauerhaft und gut lesbar sein sollen. Der Mopa Faserlaser ist somit eine ideale L\u00f6sung f\u00fcr professionelle und langlebige Beschriftungen.<\/p>\n\n\n\n\t\t<figure class=\"wp-block-jetpack-videopress jetpack-videopress-player\" style=\"\" >\n\t\t\t<div class=\"jetpack-videopress-player__wrapper\"> <div class=\"jetpack-video-wrapper\"><iframe title=\"VideoPress Video Player\" aria-label='VideoPress Video Player' width='1200' height='682' data-src='https:\/\/videopress.com\/embed\/fUyBmc4M?cover=1&amp;autoPlay=0&amp;controls=1&amp;loop=1&amp;muted=0&amp;persistVolume=1&amp;playsinline=0&amp;preloadContent=metadata&amp;useAverageColor=1&amp;posterUrl=https%3A%2F%2Fweber-ams.de%2Fcms%2Fwp-content%2Fuploads%2F2025%2F07%2FWhatsApp-Bild-2025-07-13-um-20.11.23_1ed68e17.jpg&amp;hd=0' frameborder='0' allowfullscreen data-resize-to-parent=\"true\" allow='clipboard-write' src=\"data:image\/svg+xml;base64,PHN2ZyB3aWR0aD0iMSIgaGVpZ2h0PSIxIiB4bWxucz0iaHR0cDovL3d3dy53My5vcmcvMjAwMC9zdmciPjwvc3ZnPg==\" class=\"lazyload\" data-load-mode=\"1\"><\/iframe><script src='https:\/\/v0.wordpress.com\/js\/next\/videopress-iframe.js?m=1739540970'><\/script><\/div><\/div>\n\t\t\t\n\t\t\t\n\t\t<\/figure>\n\t\t\n\n\n<figure class=\"wp-block-gallery has-nested-images columns-default is-cropped wp-block-gallery-1 is-layout-flex wp-block-gallery-is-layout-flex\">\n<figure class=\"wp-block-image size-large\"><img data-recalc-dims=\"1\" decoding=\"async\" width=\"1024\" height=\"1024\" data-id=\"1226\" data-src=\"https:\/\/i0.wp.com\/weber-ams.de\/cms\/wp-content\/uploads\/2025\/06\/ki-bild-erstellen.de-Ein-hochdetaillie.-1.jpg?resize=1024%2C1024&#038;ssl=1\" alt=\"Ein Laserger\u00e4t f\u00fchrt pr\u00e4zises Laserschneiden von Materialien durch, w\u00e4hrend Rauch aufsteigt und die Lichtstrahlen sichtbar sind.\" class=\"wp-image-1226 lazyload\" data-srcset=\"https:\/\/i0.wp.com\/weber-ams.de\/cms\/wp-content\/uploads\/2025\/06\/ki-bild-erstellen.de-Ein-hochdetaillie.-1.jpg?w=1024&amp;ssl=1 1024w, https:\/\/i0.wp.com\/weber-ams.de\/cms\/wp-content\/uploads\/2025\/06\/ki-bild-erstellen.de-Ein-hochdetaillie.-1.jpg?resize=300%2C300&amp;ssl=1 300w, https:\/\/i0.wp.com\/weber-ams.de\/cms\/wp-content\/uploads\/2025\/06\/ki-bild-erstellen.de-Ein-hochdetaillie.-1.jpg?resize=150%2C150&amp;ssl=1 150w, https:\/\/i0.wp.com\/weber-ams.de\/cms\/wp-content\/uploads\/2025\/06\/ki-bild-erstellen.de-Ein-hochdetaillie.-1.jpg?resize=768%2C768&amp;ssl=1 768w, https:\/\/i0.wp.com\/weber-ams.de\/cms\/wp-content\/uploads\/2025\/06\/ki-bild-erstellen.de-Ein-hochdetaillie.-1.jpg?resize=200%2C200&amp;ssl=1 200w, https:\/\/i0.wp.com\/weber-ams.de\/cms\/wp-content\/uploads\/2025\/06\/ki-bild-erstellen.de-Ein-hochdetaillie.-1.jpg?resize=500%2C500&amp;ssl=1 500w, https:\/\/i0.wp.com\/weber-ams.de\/cms\/wp-content\/uploads\/2025\/06\/ki-bild-erstellen.de-Ein-hochdetaillie.-1.jpg?resize=100%2C100&amp;ssl=1 100w\" data-sizes=\"(max-width: 1024px) 100vw, 1024px\" src=\"data:image\/svg+xml;base64,PHN2ZyB3aWR0aD0iMSIgaGVpZ2h0PSIxIiB4bWxucz0iaHR0cDovL3d3dy53My5vcmcvMjAwMC9zdmciPjwvc3ZnPg==\" style=\"--smush-placeholder-width: 1024px; --smush-placeholder-aspect-ratio: 1024\/1024;\" \/><\/figure>\n\n\n\n<figure class=\"wp-block-image size-large is-style-default\"><img data-recalc-dims=\"1\" decoding=\"async\" width=\"1024\" height=\"1024\" data-id=\"1227\" data-src=\"https:\/\/i0.wp.com\/weber-ams.de\/cms\/wp-content\/uploads\/2025\/06\/ki-bild-erstellen.de-Ein-hochdetaillie.jpg?resize=1024%2C1024&#038;ssl=1\" alt=\"Laserbearbeitungsmaschine schneidet Kunststoffe mit einem starken Laserstrahl, der einen leuchtenden Lichtstrahl emittiert. Rauch steigt aus dem Schneidbereich auf.\" class=\"wp-image-1227 lazyload\" data-srcset=\"https:\/\/i0.wp.com\/weber-ams.de\/cms\/wp-content\/uploads\/2025\/06\/ki-bild-erstellen.de-Ein-hochdetaillie.jpg?w=1024&amp;ssl=1 1024w, https:\/\/i0.wp.com\/weber-ams.de\/cms\/wp-content\/uploads\/2025\/06\/ki-bild-erstellen.de-Ein-hochdetaillie.jpg?resize=300%2C300&amp;ssl=1 300w, https:\/\/i0.wp.com\/weber-ams.de\/cms\/wp-content\/uploads\/2025\/06\/ki-bild-erstellen.de-Ein-hochdetaillie.jpg?resize=150%2C150&amp;ssl=1 150w, https:\/\/i0.wp.com\/weber-ams.de\/cms\/wp-content\/uploads\/2025\/06\/ki-bild-erstellen.de-Ein-hochdetaillie.jpg?resize=768%2C768&amp;ssl=1 768w, https:\/\/i0.wp.com\/weber-ams.de\/cms\/wp-content\/uploads\/2025\/06\/ki-bild-erstellen.de-Ein-hochdetaillie.jpg?resize=200%2C200&amp;ssl=1 200w, https:\/\/i0.wp.com\/weber-ams.de\/cms\/wp-content\/uploads\/2025\/06\/ki-bild-erstellen.de-Ein-hochdetaillie.jpg?resize=500%2C500&amp;ssl=1 500w, https:\/\/i0.wp.com\/weber-ams.de\/cms\/wp-content\/uploads\/2025\/06\/ki-bild-erstellen.de-Ein-hochdetaillie.jpg?resize=100%2C100&amp;ssl=1 100w\" data-sizes=\"(max-width: 1024px) 100vw, 1024px\" src=\"data:image\/svg+xml;base64,PHN2ZyB3aWR0aD0iMSIgaGVpZ2h0PSIxIiB4bWxucz0iaHR0cDovL3d3dy53My5vcmcvMjAwMC9zdmciPjwvc3ZnPg==\" style=\"--smush-placeholder-width: 1024px; --smush-placeholder-aspect-ratio: 1024\/1024;\" \/><\/figure>\n<\/figure>\n\n\n\n<p><\/p>\n","protected":false},"excerpt":{"rendered":"<p>Laserbearbeitung von Metallen und Kunststoffen nach Kundenvorgabe. Das Laserschneiden ist ein pr\u00e4zises Verfahren, bei dem ein starker Laserstrahl verwendet wird, [&hellip;]<\/p>\n","protected":false},"author":1,"featured_media":0,"parent":0,"menu_order":0,"comment_status":"closed","ping_status":"closed","template":"","meta":{"footnotes":""},"class_list":["post-1230","page","type-page","status-publish","hentry"],"aioseo_notices":[],"jetpack_sharing_enabled":true,"_links":{"self":[{"href":"https:\/\/weber-ams.de\/cms\/index.php\/wp-json\/wp\/v2\/pages\/1230","targetHints":{"allow":["GET"]}}],"collection":[{"href":"https:\/\/weber-ams.de\/cms\/index.php\/wp-json\/wp\/v2\/pages"}],"about":[{"href":"https:\/\/weber-ams.de\/cms\/index.php\/wp-json\/wp\/v2\/types\/page"}],"author":[{"embeddable":true,"href":"https:\/\/weber-ams.de\/cms\/index.php\/wp-json\/wp\/v2\/users\/1"}],"replies":[{"embeddable":true,"href":"https:\/\/weber-ams.de\/cms\/index.php\/wp-json\/wp\/v2\/comments?post=1230"}],"version-history":[{"count":7,"href":"https:\/\/weber-ams.de\/cms\/index.php\/wp-json\/wp\/v2\/pages\/1230\/revisions"}],"predecessor-version":[{"id":1274,"href":"https:\/\/weber-ams.de\/cms\/index.php\/wp-json\/wp\/v2\/pages\/1230\/revisions\/1274"}],"wp:attachment":[{"href":"https:\/\/weber-ams.de\/cms\/index.php\/wp-json\/wp\/v2\/media?parent=1230"}],"curies":[{"name":"wp","href":"https:\/\/api.w.org\/{rel}","templated":true}]}}