{"id":20,"date":"2019-10-20T10:26:32","date_gmt":"2019-10-20T08:26:32","guid":{"rendered":"https:\/\/weber-ams.de\/cms\/?page_id=20"},"modified":"2025-01-18T06:41:05","modified_gmt":"2025-01-18T05:41:05","slug":"impressum","status":"publish","type":"page","link":"https:\/\/weber-ams.de\/cms\/index.php\/impressum\/","title":{"rendered":"Impressum"},"content":{"rendered":"\n<p>Angaben gem\u00e4\u00df \u00a7 5 TMG<\/p>\n\n\n\n<p>Markus Weber<br>Starnberger Str. 28<br>82335 H\u00f6henrain<\/p>\n\n\n\n<p><strong>Vertreten durch: <\/strong><br>Markus Weber<\/p>\n\n\n\n<p><strong>Kontakt:<\/strong> <br> Telefon: 08171 \/ 96 94 13 7 oder +49 152 22 46 22 62<br> Fax: 08171 \/ 38 52 91 1<br> E-Mail: <a href=\"mailto: info@weber.ams.de\">info@weber-ams.de<\/a><\/p>\n\n\n\n<hr class=\"wp-block-separator has-text-color has-vivid-cyan-blue-color has-css-opacity has-vivid-cyan-blue-background-color has-background is-style-wide\"\/>\n\n\n\n<p><strong>Verpackungsregister:<\/strong> DE2887216924057<\/p>\n\n\n\n<p><strong>Duales System:<\/strong> Reclay Systems<\/p>\n\n\n\n<p><strong>Reg. Nummer ZSVR:<\/strong> DE288721692<\/p>\n\n\n\n<p><strong>USt-IdNr:<\/strong> DE341804231<\/p>\n\n\n\n<hr class=\"wp-block-separator has-text-color has-vivid-cyan-blue-color has-css-opacity has-vivid-cyan-blue-background-color has-background is-style-wide\"\/>\n\n\n\n<p class=\"has-text-align-left\"><strong>Haftungsausschluss: <\/strong><br><br><strong>Haftung f\u00fcr Inhalte<\/strong><br><br>Die Inhalte unserer Seiten wurden mit gr\u00f6\u00dfter Sorgfalt erstellt. F\u00fcr  die Richtigkeit, Vollst\u00e4ndigkeit und Aktualit\u00e4t der Inhalte k\u00f6nnen wir  jedoch keine Gew\u00e4hr \u00fcbernehmen. Als Diensteanbieter sind wir gem\u00e4\u00df \u00a7 7  Abs.1 TMG f\u00fcr eigene Inhalte auf diesen Seiten nach den allgemeinen  Gesetzen verantwortlich. Nach \u00a7\u00a7 8 bis 10 TMG sind wir als  Diensteanbieter jedoch nicht verpflichtet, \u00fcbermittelte oder gespeicherte fremde Informationen zu \u00fcberwachen oder nach Umst\u00e4nden zu  forschen, die auf eine rechtswidrige T\u00e4tigkeit hinweisen.  Verpflichtungen zur Entfernung oder Sperrung der Nutzung von  Informationen nach den allgemeinen Gesetzen bleiben hiervon unber\u00fchrt.  Eine diesbez\u00fcgliche Haftung ist jedoch erst ab dem Zeitpunkt der  Kenntnis einer konkreten Rechtsverletzung m\u00f6glich. Bei Bekanntwerden von  entsprechenden Rechtsverletzungen werden wir diese Inhalte umgehend  entfernen.<br><br><strong>Haftung f\u00fcr Links<\/strong><br><br>Unser  Angebot enth\u00e4lt Links zu externen Webseiten Dritter, auf deren Inhalte  wir keinen Einfluss haben. Deshalb k\u00f6nnen wir f\u00fcr diese fremden Inhalte  auch keine Gew\u00e4hr \u00fcbernehmen. F\u00fcr die Inhalte der verlinkten Seiten ist  stets der jeweilige Anbieter oder Betreiber der Seiten verantwortlich.  Die verlinkten Seiten wurden zum Zeitpunkt der Verlinkung auf m\u00f6gliche  Rechtsverst\u00f6\u00dfe \u00fcberpr\u00fcft. Rechtswidrige Inhalte waren zum Zeitpunkt der  Verlinkung nicht erkennbar. Eine permanente inhaltliche Kontrolle der  verlinkten Seiten ist jedoch ohne konkrete Anhaltspunkte einer  Rechtsverletzung nicht zumutbar. Bei Bekanntwerden von  Rechtsverletzungen werden wir derartige Links umgehend entfernen.<br><br><strong>Urheberrecht<\/strong><br><br>Die durch die Seitenbetreiber erstellten Inhalte und Werke auf diesen  Seiten unterliegen dem deutschen Urheberrecht. Die Vervielf\u00e4ltigung,  Bearbeitung, Verbreitung und jede Art der Verwertung au\u00dferhalb der  Grenzen des Urheberrechtes bed\u00fcrfen der schriftlichen Zustimmung des  jeweiligen Autors bzw. Erstellers. Downloads und Kopien dieser Seite  sind nur f\u00fcr den privaten, nicht kommerziellen Gebrauch gestattet.  Soweit die Inhalte auf dieser Seite nicht vom Betreiber erstellt wurden,  werden die Urheberrechte Dritter beachtet. Insbesondere werden Inhalte  Dritter als solche gekennzeichnet. Sollten Sie trotzdem auf eine  Urheberrechtsverletzung aufmerksam werden, bitten wir um einen  entsprechenden Hinweis. Bei Bekanntwerden von Rechtsverletzungen werden  wir derartige Inhalte umgehend entfernen.<br><br><strong>Datenschutz<\/strong><br><br>Die Nutzung unserer Webseite ist in der Regel ohne Angabe  personenbezogener Daten m\u00f6glich. Soweit auf unseren Seiten  personenbezogene Daten (beispielsweise Name, Anschrift oder  eMail-Adressen) erhoben werden, erfolgt dies, soweit m\u00f6glich, stets auf  freiwilliger Basis. Diese Daten werden ohne Ihre ausdr\u00fcckliche  Zustimmung nicht an Dritte weitergegeben. <br>Wir weisen darauf hin,  dass die Daten\u00fcbertragung im Internet (z.B. bei der Kommunikation per  E-Mail) Sicherheitsl\u00fccken aufweisen kann. Ein l\u00fcckenloser Schutz der  Daten vor dem Zugriff durch Dritte ist nicht m\u00f6glich. <br>Der Nutzung  von im Rahmen der Impressumspflicht ver\u00f6ffentlichten Kontaktdaten durch  Dritte zur \u00dcbersendung von nicht ausdr\u00fccklich angeforderter Werbung und  Informationsmaterialien wird hiermit ausdr\u00fccklich widersprochen. Die  Betreiber der Seiten behalten sich ausdr\u00fccklich rechtliche Schritte im  Falle der unverlangten Zusendung von Werbeinformationen, etwa durch  Spam-Mails, vor.<\/p>\n\n\n\n<p><strong>Urheberangabe \/ Bildernachweis<br><\/strong><\/p>\n\n\n\n<p>Fotos: fotolia by Adobe<\/p>\n\n\n\n<p>Das Layout der Website, die verwendeten Grafiken sowie die sonstigen \nInhalte sind urheberrechtlich gesch\u00fctzt. Eine Vervielf\u00e4ltigung oder \nVerwendung der Texte und Grafiken in anderen elektronischen oder \ngedruckten Publikationen ist ohne ausdr\u00fcckliche Zustimmung nicht \ngestattet.<\/p>\n\n\n\n<p>Nachfolgend eine Auflistung der verwendeten und lizenzierten Bilder von <a href=\"https:\/\/de.fotolia.com\/\">Fotolia by Adobe<\/a><\/p>\n\n\n\n<p><a href=\"https:\/\/stock.adobe.com\/de\/Library\/51d67b8c-a32a-409d-8b78-911d385243bf?asset_id=119097979\">https:\/\/stock.adobe.com\/de\/Library\/51d67b8c-a32a-409d-8b78-911d385243bf?asset_id=119097979<\/a><\/p>\n\n\n\n<p><a href=\"https:\/\/stock.adobe.com\/de\/images\/samples-produced-by-printing-a-3d-printer-from-a-metal-powder-progressive-additive-3d-printing-technology\/277412016?prev_url=detail\">https:\/\/stock.adobe.com\/de\/images\/samples-produced-by-printing-a-3d-printer-from-a-metal-powder-progressive-additive-3d-printing-technology\/277412016?prev_url=detail<\/a><\/p>\n\n\n\n<p><a href=\"https:\/\/stock.adobe.com\/de\/search\/images?k=qualit%C3%A4t+siegel&amp;search_type=default-asset-click&amp;asset_id=205244226\">https:\/\/stock.adobe.com\/de\/search\/images?k=qualit%C3%A4t+siegel&amp;search_type=default-asset-click&amp;asset_id=205244226<\/a><\/p>\n\n\n\n<p><a href=\"https:\/\/stock.adobe.com\/de\/images\/decoupe-au-laser\/10265777?prev_url=detail\">https:\/\/stock.adobe.com\/de\/images\/decoupe-au-laser\/10265777?prev_url=detail<\/a><\/p>\n\n\n\n<p><a href=\"https:\/\/stock.adobe.com\/de\/images\/set-of-modern-web-banners-of-standard-size-with-a-place-for-photos-vertical-horizontal-and-square-template-vector-eps\/419310090?prev_url=detail\">https:\/\/stock.adobe.com\/de\/images\/set-of-modern-web-banners-of-standard-size-with-a-place-for-photos-vertical-horizontal-and-square-template-vector-eps\/419310090?prev_url=detail<\/a><\/p>\n\n\n\n<p><a href=\"https:\/\/stock.adobe.com\/de\/images\/planetenrad\/76908008?prev_url=detail\">https:\/\/stock.adobe.com\/de\/images\/planetenrad\/76908008?prev_url=detail<\/a><\/p>\n\n\n\n<p><strong>Bildnachweis Trotec Laser Deutschland GmbH:<\/strong><\/p>\n\n\n\n<p>Alle Bilder der Lasermaterialien werden uns mit freundlicher Genehmigung der Firma <a href=\"https:\/\/www.gravurmaterialien.de\/\" class=\"rank-math-link\">Trotec Laser Deutschland <\/a>GmbH zur Verf\u00fcgung gestellt.<\/p>\n\n\n\n<p>Die Namen <strong><em>TroLase, TroLase Reverse, TroLase Thins, TroGlass XT, AlumaMark, TroLase Lights, LaserPaper Wood<\/em><\/strong> und <strong><em>LaserPaper Colors<\/em><\/strong> sind so weit nicht anders angegeben Eigentum der Firma Trotec Laser Deutschland GmbH und werden mit deren Genehmigung auf unserer Seite verwendet.<\/p>\n","protected":false},"excerpt":{"rendered":"<p>Angaben gem\u00e4\u00df \u00a7 5 TMG Markus WeberStarnberger Str. 2882335 H\u00f6henrain Vertreten durch: Markus Weber Kontakt: Telefon: 08171 \/ 96 94 [&hellip;]<\/p>\n","protected":false},"author":1,"featured_media":0,"parent":0,"menu_order":0,"comment_status":"closed","ping_status":"closed","template":"","meta":{"footnotes":""},"class_list":["post-20","page","type-page","status-publish","hentry"],"aioseo_notices":[],"jetpack_sharing_enabled":true,"_links":{"self":[{"href":"https:\/\/weber-ams.de\/cms\/index.php\/wp-json\/wp\/v2\/pages\/20","targetHints":{"allow":["GET"]}}],"collection":[{"href":"https:\/\/weber-ams.de\/cms\/index.php\/wp-json\/wp\/v2\/pages"}],"about":[{"href":"https:\/\/weber-ams.de\/cms\/index.php\/wp-json\/wp\/v2\/types\/page"}],"author":[{"embeddable":true,"href":"https:\/\/weber-ams.de\/cms\/index.php\/wp-json\/wp\/v2\/users\/1"}],"replies":[{"embeddable":true,"href":"https:\/\/weber-ams.de\/cms\/index.php\/wp-json\/wp\/v2\/comments?post=20"}],"version-history":[{"count":5,"href":"https:\/\/weber-ams.de\/cms\/index.php\/wp-json\/wp\/v2\/pages\/20\/revisions"}],"predecessor-version":[{"id":1201,"href":"https:\/\/weber-ams.de\/cms\/index.php\/wp-json\/wp\/v2\/pages\/20\/revisions\/1201"}],"wp:attachment":[{"href":"https:\/\/weber-ams.de\/cms\/index.php\/wp-json\/wp\/v2\/media?parent=20"}],"curies":[{"name":"wp","href":"https:\/\/api.w.org\/{rel}","templated":true}]}}