{"id":221,"date":"2019-10-20T19:54:40","date_gmt":"2019-10-20T17:54:40","guid":{"rendered":"https:\/\/weber-ams.de\/cms\/?page_id=221"},"modified":"2022-01-09T17:02:59","modified_gmt":"2022-01-09T16:02:59","slug":"referenzen","status":"publish","type":"page","link":"https:\/\/weber-ams.de\/cms\/index.php\/referenzen\/","title":{"rendered":"Referenzen"},"content":{"rendered":"\n<hr class=\"wp-block-separator has-text-color has-background has-vivid-red-background-color has-vivid-red-color is-style-wide\"\/>\n\n\n\n<p class=\"has-text-align-center\"><a href=\"https:\/\/www.hm-waermetauscher.de\/index.htm\" data-type=\"URL\" data-id=\"https:\/\/www.hm-waermetauscher.de\/index.htm\" target=\"_blank\" rel=\"noreferrer noopener\">HM W\u00e4rmetauscher GmbH<\/a><\/p>\n\n\n\n<div class=\"wp-block-media-text is-stacked-on-mobile is-vertically-aligned-top\" style=\"grid-template-columns:18% auto\"><figure class=\"wp-block-media-text__media\"><a href=\"https:\/\/www.hm-waermetauscher.de\/index.htm\" target=\"_blank\" rel=\"noopener noreferrer\"><img data-recalc-dims=\"1\" decoding=\"async\" width=\"217\" height=\"62\" data-src=\"https:\/\/i0.wp.com\/weber-ams.de\/cms\/wp-content\/uploads\/2020\/08\/hm_waermetauscher.jpg?resize=217%2C62&#038;ssl=1\" alt=\"\" class=\"wp-image-322 size-full lazyload\" src=\"data:image\/svg+xml;base64,PHN2ZyB3aWR0aD0iMSIgaGVpZ2h0PSIxIiB4bWxucz0iaHR0cDovL3d3dy53My5vcmcvMjAwMC9zdmciPjwvc3ZnPg==\" style=\"--smush-placeholder-width: 217px; --smush-placeholder-aspect-ratio: 217\/62;\" \/><\/a><\/figure><div class=\"wp-block-media-text__content\">\n<p class=\"has-normal-font-size\">Seit 1996 ist die HM W\u00e4rmetauscher GmbH auf die Herstellung von Rohrschlangen und Metallspiralen f\u00fcr K\u00fchlung und Heizung spezialisiert. Auf diesem Gebiet sind wir zu einem bew\u00e4hrten Lieferanten f\u00fcr Kunden aus Industrie, Handwerk, und Forschung geworden.<\/p>\n\n\n\n<figure class=\"wp-block-gallery alignright columns-2 is-cropped wp-block-gallery-1 is-layout-flex wp-block-gallery-is-layout-flex\"><ul class=\"blocks-gallery-grid\"><li class=\"blocks-gallery-item\"><figure><img data-recalc-dims=\"1\" decoding=\"async\" width=\"600\" height=\"399\" data-src=\"https:\/\/i0.wp.com\/weber-ams.de\/cms\/wp-content\/uploads\/2020\/08\/hm_waermetauscher_2-1.jpg?resize=600%2C399&#038;ssl=1\" alt=\"\" data-id=\"334\" data-full-url=\"https:\/\/weber-ams.de\/cms\/wp-content\/uploads\/2020\/08\/hm_waermetauscher_2-1.jpg\" data-link=\"https:\/\/weber-ams.de\/cms\/index.php\/referenzen\/hm_waermetauscher_2-2\/\" class=\"wp-image-334 lazyload\" data-srcset=\"https:\/\/i0.wp.com\/weber-ams.de\/cms\/wp-content\/uploads\/2020\/08\/hm_waermetauscher_2-1.jpg?w=600&amp;ssl=1 600w, https:\/\/i0.wp.com\/weber-ams.de\/cms\/wp-content\/uploads\/2020\/08\/hm_waermetauscher_2-1.jpg?resize=500%2C333&amp;ssl=1 500w, https:\/\/i0.wp.com\/weber-ams.de\/cms\/wp-content\/uploads\/2020\/08\/hm_waermetauscher_2-1.jpg?resize=300%2C200&amp;ssl=1 300w\" data-sizes=\"(max-width: 600px) 100vw, 600px\" src=\"data:image\/svg+xml;base64,PHN2ZyB3aWR0aD0iMSIgaGVpZ2h0PSIxIiB4bWxucz0iaHR0cDovL3d3dy53My5vcmcvMjAwMC9zdmciPjwvc3ZnPg==\" style=\"--smush-placeholder-width: 600px; --smush-placeholder-aspect-ratio: 600\/399;\" \/><\/figure><\/li><li class=\"blocks-gallery-item\"><figure><img data-recalc-dims=\"1\" decoding=\"async\" width=\"600\" height=\"399\" data-src=\"https:\/\/i0.wp.com\/weber-ams.de\/cms\/wp-content\/uploads\/2020\/08\/hm_waermetauscher_3-1.jpg?resize=600%2C399&#038;ssl=1\" alt=\"\" data-id=\"333\" data-full-url=\"https:\/\/weber-ams.de\/cms\/wp-content\/uploads\/2020\/08\/hm_waermetauscher_3-1.jpg\" data-link=\"https:\/\/weber-ams.de\/cms\/index.php\/referenzen\/hm_waermetauscher_3-2\/\" class=\"wp-image-333 lazyload\" data-srcset=\"https:\/\/i0.wp.com\/weber-ams.de\/cms\/wp-content\/uploads\/2020\/08\/hm_waermetauscher_3-1.jpg?w=600&amp;ssl=1 600w, https:\/\/i0.wp.com\/weber-ams.de\/cms\/wp-content\/uploads\/2020\/08\/hm_waermetauscher_3-1.jpg?resize=500%2C333&amp;ssl=1 500w, https:\/\/i0.wp.com\/weber-ams.de\/cms\/wp-content\/uploads\/2020\/08\/hm_waermetauscher_3-1.jpg?resize=300%2C200&amp;ssl=1 300w\" data-sizes=\"(max-width: 600px) 100vw, 600px\" src=\"data:image\/svg+xml;base64,PHN2ZyB3aWR0aD0iMSIgaGVpZ2h0PSIxIiB4bWxucz0iaHR0cDovL3d3dy53My5vcmcvMjAwMC9zdmciPjwvc3ZnPg==\" style=\"--smush-placeholder-width: 600px; --smush-placeholder-aspect-ratio: 600\/399;\" \/><\/figure><\/li><li class=\"blocks-gallery-item\"><figure><img data-recalc-dims=\"1\" decoding=\"async\" width=\"600\" height=\"399\" data-src=\"https:\/\/i0.wp.com\/weber-ams.de\/cms\/wp-content\/uploads\/2020\/08\/hm_waermetauscher_4.jpg?resize=600%2C399&#038;ssl=1\" alt=\"\" data-id=\"328\" data-full-url=\"https:\/\/weber-ams.de\/cms\/wp-content\/uploads\/2020\/08\/hm_waermetauscher_4.jpg\" data-link=\"https:\/\/weber-ams.de\/cms\/index.php\/referenzen\/hm_waermetauscher_4\/\" class=\"wp-image-328 lazyload\" data-srcset=\"https:\/\/i0.wp.com\/weber-ams.de\/cms\/wp-content\/uploads\/2020\/08\/hm_waermetauscher_4.jpg?w=600&amp;ssl=1 600w, https:\/\/i0.wp.com\/weber-ams.de\/cms\/wp-content\/uploads\/2020\/08\/hm_waermetauscher_4.jpg?resize=500%2C333&amp;ssl=1 500w, https:\/\/i0.wp.com\/weber-ams.de\/cms\/wp-content\/uploads\/2020\/08\/hm_waermetauscher_4.jpg?resize=300%2C200&amp;ssl=1 300w\" data-sizes=\"(max-width: 600px) 100vw, 600px\" src=\"data:image\/svg+xml;base64,PHN2ZyB3aWR0aD0iMSIgaGVpZ2h0PSIxIiB4bWxucz0iaHR0cDovL3d3dy53My5vcmcvMjAwMC9zdmciPjwvc3ZnPg==\" style=\"--smush-placeholder-width: 600px; --smush-placeholder-aspect-ratio: 600\/399;\" \/><\/figure><\/li><li class=\"blocks-gallery-item\"><figure><img data-recalc-dims=\"1\" decoding=\"async\" width=\"600\" height=\"399\" data-src=\"https:\/\/i0.wp.com\/weber-ams.de\/cms\/wp-content\/uploads\/2020\/08\/hm_waermetauscher_5.jpg?resize=600%2C399&#038;ssl=1\" alt=\"\" data-id=\"327\" data-full-url=\"https:\/\/weber-ams.de\/cms\/wp-content\/uploads\/2020\/08\/hm_waermetauscher_5.jpg\" data-link=\"https:\/\/weber-ams.de\/cms\/index.php\/referenzen\/hm_waermetauscher_5\/\" class=\"wp-image-327 lazyload\" data-srcset=\"https:\/\/i0.wp.com\/weber-ams.de\/cms\/wp-content\/uploads\/2020\/08\/hm_waermetauscher_5.jpg?w=600&amp;ssl=1 600w, https:\/\/i0.wp.com\/weber-ams.de\/cms\/wp-content\/uploads\/2020\/08\/hm_waermetauscher_5.jpg?resize=500%2C333&amp;ssl=1 500w, https:\/\/i0.wp.com\/weber-ams.de\/cms\/wp-content\/uploads\/2020\/08\/hm_waermetauscher_5.jpg?resize=300%2C200&amp;ssl=1 300w\" data-sizes=\"(max-width: 600px) 100vw, 600px\" src=\"data:image\/svg+xml;base64,PHN2ZyB3aWR0aD0iMSIgaGVpZ2h0PSIxIiB4bWxucz0iaHR0cDovL3d3dy53My5vcmcvMjAwMC9zdmciPjwvc3ZnPg==\" style=\"--smush-placeholder-width: 600px; --smush-placeholder-aspect-ratio: 600\/399;\" \/><\/figure><\/li><\/ul><\/figure>\n\n\n\n<p class=\"has-small-font-size\">individuell nach Vorgabe<\/p>\n\n\n\n<p class=\"has-small-font-size\">Rohrschlangen zum K\u00fchlen und Heizen<\/p>\n\n\n\n<p class=\"has-small-font-size\">Spiralw\u00e4rmetauscher<\/p>\n\n\n\n<p class=\"has-small-font-size\">K\u00fchlwendeln<\/p>\n\n\n\n<p class=\"has-small-font-size\">Prototypen<\/p>\n\n\n\n<p class=\"has-small-font-size\">Einzelteile und Kleinserien<\/p>\n\n\n\n<p class=\"has-small-font-size\">Anfertigungen f\u00fcr Industrie, Handwerk und Forschung f\u00fcr die verschiedensten Anwendungen und Einsatzbereiche<\/p>\n<\/div><\/div>\n\n\n\n<hr class=\"wp-block-separator has-text-color has-background has-vivid-red-background-color has-vivid-red-color is-style-wide\"\/>\n\n\n\n<p class=\"has-text-align-center\"><a rel=\"noreferrer noopener\" href=\"https:\/\/www.hm-waermetauscher.de\/index.htm\" data-type=\"URL\" data-id=\"https:\/\/www.hm-waermetauscher.de\/index.htm\" target=\"_blank\"><\/a><a class=\"rank-math-link\" href=\"https:\/\/www.goldschmiede-patricia-heckler.de\">PATZI GOLDSCHMIEDE<\/a><\/p>\n\n\n\n<div class=\"wp-block-image is-style-rounded\"><figure class=\"alignright size-large is-resized\"><img data-recalc-dims=\"1\" decoding=\"async\" data-src=\"https:\/\/i0.wp.com\/weber-ams.de\/cms\/wp-content\/uploads\/2020\/09\/patzi_2.jpeg?resize=143%2C191&#038;ssl=1\" alt=\"\" class=\"wp-image-493 lazyload\" width=\"143\" height=\"191\" data-srcset=\"https:\/\/i0.wp.com\/weber-ams.de\/cms\/wp-content\/uploads\/2020\/09\/patzi_2.jpeg?w=768&amp;ssl=1 768w, https:\/\/i0.wp.com\/weber-ams.de\/cms\/wp-content\/uploads\/2020\/09\/patzi_2.jpeg?resize=500%2C667&amp;ssl=1 500w, https:\/\/i0.wp.com\/weber-ams.de\/cms\/wp-content\/uploads\/2020\/09\/patzi_2.jpeg?resize=225%2C300&amp;ssl=1 225w\" data-sizes=\"(max-width: 143px) 100vw, 143px\" src=\"data:image\/svg+xml;base64,PHN2ZyB3aWR0aD0iMSIgaGVpZ2h0PSIxIiB4bWxucz0iaHR0cDovL3d3dy53My5vcmcvMjAwMC9zdmciPjwvc3ZnPg==\" style=\"--smush-placeholder-width: 143px; --smush-placeholder-aspect-ratio: 143\/191;\" \/><\/figure><\/div>\n\n\n\n<div class=\"wp-block-media-text is-stacked-on-mobile is-vertically-aligned-top\" style=\"grid-template-columns:19% auto\"><figure class=\"wp-block-media-text__media\"><a href=\"https:\/\/www.goldschmiede-patricia-heckler.de\" target=\"_blank\" rel=\"noopener noreferrer\"><img data-recalc-dims=\"1\" decoding=\"async\" width=\"1024\" height=\"377\" data-src=\"https:\/\/i0.wp.com\/weber-ams.de\/cms\/wp-content\/uploads\/2020\/08\/patzi-1.png?resize=1024%2C377&#038;ssl=1\" alt=\"\" class=\"wp-image-367 size-full lazyload\" data-srcset=\"https:\/\/i0.wp.com\/weber-ams.de\/cms\/wp-content\/uploads\/2020\/08\/patzi-1.png?resize=1024%2C377&amp;ssl=1 1024w, https:\/\/i0.wp.com\/weber-ams.de\/cms\/wp-content\/uploads\/2020\/08\/patzi-1.png?resize=500%2C184&amp;ssl=1 500w, https:\/\/i0.wp.com\/weber-ams.de\/cms\/wp-content\/uploads\/2020\/08\/patzi-1.png?resize=300%2C110&amp;ssl=1 300w, https:\/\/i0.wp.com\/weber-ams.de\/cms\/wp-content\/uploads\/2020\/08\/patzi-1.png?resize=768%2C282&amp;ssl=1 768w, https:\/\/i0.wp.com\/weber-ams.de\/cms\/wp-content\/uploads\/2020\/08\/patzi-1.png?w=1077&amp;ssl=1 1077w\" data-sizes=\"(max-width: 1024px) 100vw, 1024px\" src=\"data:image\/svg+xml;base64,PHN2ZyB3aWR0aD0iMSIgaGVpZ2h0PSIxIiB4bWxucz0iaHR0cDovL3d3dy53My5vcmcvMjAwMC9zdmciPjwvc3ZnPg==\" style=\"--smush-placeholder-width: 1024px; --smush-placeholder-aspect-ratio: 1024\/377;\" \/><\/a><\/figure><div class=\"wp-block-media-text__content\">\n<p class=\"has-normal-font-size\">Schmuck kann verzaubern, erinnern und begleiten \u2013 das ist uns wichtig. Wir sind ehrlich, lachen gerne und lieben das, was wir tun.<\/p>\n\n\n\n<p class=\"has-small-font-size\">Trauringe<\/p>\n\n\n\n<p class=\"has-small-font-size\">Ohrringe<\/p>\n\n\n\n<p class=\"has-small-font-size\">Ringe<\/p>\n<\/div><\/div>\n\n\n\n<hr class=\"wp-block-separator has-text-color has-background has-vivid-red-background-color has-vivid-red-color is-style-wide\"\/>\n\n\n\n<p class=\"has-text-align-center\"><a href=\"https:\/\/webaro.de\" class=\"rank-math-link\">Webaro &#8211; Agrardrohnen und Precision Farming<\/a><\/p>\n\n\n\n<div class=\"wp-block-media-text is-stacked-on-mobile is-vertically-aligned-top\" style=\"grid-template-columns:19% auto\"><figure class=\"wp-block-media-text__media\"><a href=\"https:\/\/webaro.de\" target=\"_blank\" rel=\"noopener noreferrer\"><img data-recalc-dims=\"1\" decoding=\"async\" width=\"1024\" height=\"281\" data-src=\"https:\/\/i0.wp.com\/weber-ams.de\/cms\/wp-content\/uploads\/2020\/09\/Webaro-Logo-2.png?resize=1024%2C281&#038;ssl=1\" alt=\"\" class=\"wp-image-475 size-full lazyload\" data-srcset=\"https:\/\/i0.wp.com\/weber-ams.de\/cms\/wp-content\/uploads\/2020\/09\/Webaro-Logo-2.png?resize=1024%2C281&amp;ssl=1 1024w, https:\/\/i0.wp.com\/weber-ams.de\/cms\/wp-content\/uploads\/2020\/09\/Webaro-Logo-2.png?resize=500%2C137&amp;ssl=1 500w, https:\/\/i0.wp.com\/weber-ams.de\/cms\/wp-content\/uploads\/2020\/09\/Webaro-Logo-2.png?resize=300%2C82&amp;ssl=1 300w, https:\/\/i0.wp.com\/weber-ams.de\/cms\/wp-content\/uploads\/2020\/09\/Webaro-Logo-2.png?resize=768%2C211&amp;ssl=1 768w, https:\/\/i0.wp.com\/weber-ams.de\/cms\/wp-content\/uploads\/2020\/09\/Webaro-Logo-2.png?resize=1536%2C422&amp;ssl=1 1536w, https:\/\/i0.wp.com\/weber-ams.de\/cms\/wp-content\/uploads\/2020\/09\/Webaro-Logo-2.png?w=1822&amp;ssl=1 1822w\" data-sizes=\"(max-width: 1024px) 100vw, 1024px\" src=\"data:image\/svg+xml;base64,PHN2ZyB3aWR0aD0iMSIgaGVpZ2h0PSIxIiB4bWxucz0iaHR0cDovL3d3dy53My5vcmcvMjAwMC9zdmciPjwvc3ZnPg==\" style=\"--smush-placeholder-width: 1024px; --smush-placeholder-aspect-ratio: 1024\/281;\" \/><\/a><\/figure><div class=\"wp-block-media-text__content\">\n<p class=\"has-small-font-size\">Agrardrohnen<\/p>\n\n\n\n<p class=\"has-small-font-size\">Parallelfahrsysteme<\/p>\n\n\n\n<p class=\"has-small-font-size\">Feldroboter<\/p>\n<\/div><\/div>\n\n\n\n<p><\/p>\n","protected":false},"excerpt":{"rendered":"<p>HM W\u00e4rmetauscher GmbH PATZI GOLDSCHMIEDE Schmuck kann verzaubern, erinnern und begleiten \u2013 das ist uns wichtig. Wir sind ehrlich, lachen [&hellip;]<\/p>\n","protected":false},"author":1,"featured_media":0,"parent":0,"menu_order":0,"comment_status":"closed","ping_status":"closed","template":"","meta":{"footnotes":""},"class_list":["post-221","page","type-page","status-publish","hentry"],"aioseo_notices":[],"jetpack_sharing_enabled":true,"_links":{"self":[{"href":"https:\/\/weber-ams.de\/cms\/index.php\/wp-json\/wp\/v2\/pages\/221","targetHints":{"allow":["GET"]}}],"collection":[{"href":"https:\/\/weber-ams.de\/cms\/index.php\/wp-json\/wp\/v2\/pages"}],"about":[{"href":"https:\/\/weber-ams.de\/cms\/index.php\/wp-json\/wp\/v2\/types\/page"}],"author":[{"embeddable":true,"href":"https:\/\/weber-ams.de\/cms\/index.php\/wp-json\/wp\/v2\/users\/1"}],"replies":[{"embeddable":true,"href":"https:\/\/weber-ams.de\/cms\/index.php\/wp-json\/wp\/v2\/comments?post=221"}],"version-history":[{"count":5,"href":"https:\/\/weber-ams.de\/cms\/index.php\/wp-json\/wp\/v2\/pages\/221\/revisions"}],"predecessor-version":[{"id":1061,"href":"https:\/\/weber-ams.de\/cms\/index.php\/wp-json\/wp\/v2\/pages\/221\/revisions\/1061"}],"wp:attachment":[{"href":"https:\/\/weber-ams.de\/cms\/index.php\/wp-json\/wp\/v2\/media?parent=221"}],"curies":[{"name":"wp","href":"https:\/\/api.w.org\/{rel}","templated":true}]}}